{"id":166,"date":"2026-04-13T12:35:02","date_gmt":"2026-04-13T12:35:02","guid":{"rendered":"https:\/\/nowa.joannagalanciak.pl\/?page_id=166"},"modified":"2026-04-13T12:50:34","modified_gmt":"2026-04-13T12:50:34","slug":"polityka-prywatnosci","status":"publish","type":"page","link":"https:\/\/nowa.joannagalanciak.pl\/?page_id=166","title":{"rendered":"Polityka prywatno\u015bci"},"content":{"rendered":"\t\t<div data-elementor-type=\"wp-page\" data-elementor-id=\"166\" class=\"elementor elementor-166\">\n\t\t\t\t<div class=\"elementor-element elementor-element-752ddc6 e-con-full e-flex e-con e-parent\" data-id=\"752ddc6\" data-element_type=\"container\" data-e-type=\"container\">\n\t\t\t\t\t\t\t<h2 \n\t\tdata-interaction-id=\"499cbb3\" \n\t\tclass=\"e-heading-base\" \n\t\t \n\t\t\n\t>\n\t\n\t\t\t<strong id=\"e-mnx6vod2-w8hc7dh\">1. Administrator danych.<br><\/strong><br>Administratorem danych osobowych jest Joanna Galanciak, prowadz\u0105ca dzia\u0142alno\u015b\u0107 pod adresem: Astronaut\u00f3w 1 lok. 41, 93-533 \u0141\u00f3d\u017a, NIP: 7292585487.<br><br><strong id=\"e-mnx6vod2-i1xwmy6\">2. Cel i zakres przetwarzania danych.<br><\/strong><br>Dane osobowe s\u0105 przetwarzane w celu kontaktu z klientem oraz realizacji us\u0142ug.<br>Podstaw\u0105 prawn\u0105 przetwarzania danych jest art. 6 ust. 1 lit. b oraz f RODO (realizacja umowy oraz uzasadniony interes administratora).<br><br>Strona nie zbiera danych osobowych za po\u015brednictwem formularzy kontaktowych.<br><br>Rezerwacja us\u0142ug odbywa si\u0119 za po\u015brednictwem zewn\u0119trznego systemu Booksy, kt\u00f3ry jest odr\u0119bnym administratorem danych osobowych.<br><br><strong id=\"e-mnx6vod2-gt4lreb\">3. Odbiorcy danych<\/strong><br><br>Dane mog\u0105 by\u0107 przekazywane podmiotom wsp\u00f3\u0142pracuj\u0105cym z administratorem, takim jak dostawcy us\u0142ug hostingowych oraz narz\u0119dzia analityczne (np. Google), wy\u0142\u0105cznie w zakresie niezb\u0119dnym do realizacji us\u0142ug.<br><br><strong id=\"e-mnx6vod2-egi24aa\">4. Okres przechowywania danych<br><\/strong><br>Dane s\u0105 przechowywane przez okres niezb\u0119dny do realizacji celu, dla kt\u00f3rego zosta\u0142y zebrane.<br><br><strong id=\"e-mnx6vod2-fu8c0vp\">5. Prawa u\u017cytkownika<br><\/strong><br>U\u017cytkownik ma prawo do dost\u0119pu do swoich danych, ich sprostowania, usuni\u0119cia, ograniczenia przetwarzania oraz wniesienia sprzeciwu wobec przetwarzania danych.<br><br><strong id=\"e-mnx6vod2-7o171un\">6. Pliki cookies<\/strong><br><br>Strona wykorzystuje pliki cookies w celu zapewnienia jej prawid\u0142owego dzia\u0142ania oraz w celach statystycznych.<br>Strona mo\u017ce korzysta\u0107 z narz\u0119dzi analitycznych, takich jak Google Analytics, kt\u00f3re zbieraj\u0105 anonimowe dane o u\u017cytkownikach.<br>U\u017cytkownik mo\u017ce w ka\u017cdej chwili zmieni\u0107 ustawienia cookies w swojej przegl\u0105darce.<br><br><strong id=\"e-mnx6vod2-70ir78j\">7. Kontakt<\/strong><br><br>W sprawach zwi\u0105zanych z przetwarzaniem danych osobowych mo\u017cna skontaktowa\u0107 si\u0119 pod adresem e-mail: <a target=\"_blank\" href=\"mailto:kontakt@joannagalanciak.pl\" id=\"e-mnx6vod2-w5uzvfm\">joanna.galanciak200@gmail.com<\/a>\n\t\t<\/h2>\n\t\t\t\t<\/div>\n\t\t\t\t<\/div>\n\t\t","protected":false},"excerpt":{"rendered":"<p>1. Administrator danych.Administratorem danych osobowych jest Joanna Galanciak, prowadz\u0105ca dzia\u0142alno\u015b\u0107 pod adresem: Astronaut\u00f3w 1 lok. 41, 93-533 \u0141\u00f3d\u017a, NIP: 7292585487. 2. Cel i zakres przetwarzania danych.Dane osobowe s\u0105 przetwarzane w celu kontaktu z klientem oraz realizacji us\u0142ug.Podstaw\u0105 prawn\u0105 przetwarzania danych jest art. 6 ust. 1 lit. b oraz f RODO (realizacja umowy oraz uzasadniony interes [&hellip;]<\/p>\n","protected":false},"author":1,"featured_media":0,"parent":0,"menu_order":0,"comment_status":"closed","ping_status":"closed","template":"","meta":{"footnotes":""},"class_list":["post-166","page","type-page","status-publish","hentry"],"_links":{"self":[{"href":"https:\/\/nowa.joannagalanciak.pl\/index.php?rest_route=\/wp\/v2\/pages\/166","targetHints":{"allow":["GET"]}}],"collection":[{"href":"https:\/\/nowa.joannagalanciak.pl\/index.php?rest_route=\/wp\/v2\/pages"}],"about":[{"href":"https:\/\/nowa.joannagalanciak.pl\/index.php?rest_route=\/wp\/v2\/types\/page"}],"author":[{"embeddable":true,"href":"https:\/\/nowa.joannagalanciak.pl\/index.php?rest_route=\/wp\/v2\/users\/1"}],"replies":[{"embeddable":true,"href":"https:\/\/nowa.joannagalanciak.pl\/index.php?rest_route=%2Fwp%2Fv2%2Fcomments&post=166"}],"version-history":[{"count":10,"href":"https:\/\/nowa.joannagalanciak.pl\/index.php?rest_route=\/wp\/v2\/pages\/166\/revisions"}],"predecessor-version":[{"id":178,"href":"https:\/\/nowa.joannagalanciak.pl\/index.php?rest_route=\/wp\/v2\/pages\/166\/revisions\/178"}],"wp:attachment":[{"href":"https:\/\/nowa.joannagalanciak.pl\/index.php?rest_route=%2Fwp%2Fv2%2Fmedia&parent=166"}],"curies":[{"name":"wp","href":"https:\/\/api.w.org\/{rel}","templated":true}]}}