{"id":188,"date":"2026-04-13T15:54:22","date_gmt":"2026-04-13T15:54:22","guid":{"rendered":"https:\/\/nowa.joannagalanciak.pl\/?page_id=188"},"modified":"2026-04-13T18:17:05","modified_gmt":"2026-04-13T18:17:05","slug":"elementor-strona-188","status":"publish","type":"page","link":"https:\/\/nowa.joannagalanciak.pl\/?page_id=188","title":{"rendered":"Analiza kolorystyczna"},"content":{"rendered":"\t\t<div data-elementor-type=\"wp-page\" data-elementor-id=\"188\" class=\"elementor elementor-188\">\n\t\t\t\t<div class=\"elementor-element elementor-element-9044014 e-flex e-con-boxed e-con e-parent\" data-id=\"9044014\" data-element_type=\"container\" data-e-type=\"container\">\n\t\t\t\t\t<div class=\"e-con-inner\">\n\t\t\t\t\t\t\t<h1 \n\t\tdata-interaction-id=\"a440346\" \n\t\tclass=\"e-heading-base\" \n\t\t \n\t\t\n\t>\n\t\n\t\t\t<br>Odkryj kolory, kt\u00f3re naprawd\u0119 do Ciebie pasuj\u0105\n\t\t<\/h1>\n\t\t\t\t\t\t\t\t<p class=\"e-a184ba5-84554e0 e-paragraph-base\" data-interaction-id=\"a184ba5\"  >\n\t\t\t\t\t\t\t\tDowiesz si\u0119, jakie kolory podkre\u015blaj\u0105 Twoj\u0105 urod\u0119 i jak z nich korzysta\u0107 na co dzie\u0144.\n\t\t\t\t\t<\/p>\n\t\t\t\t\t    \t            <a\n            \t\t\thref=\"http:\/\/joannagalanciak.booksy.com\/a\"\n        target=\"_blank\"\n            class=\"e-4e41ad3-72ce701 e-button-base\"\n            data-interaction-id=\"4e41ad3\"\n             \n        >\n            <strong>Um\u00f3w wizyt\u0119 w Booksy<\/strong>\n        <\/a>\n    \t\t\t\t<div class=\"elementor-element elementor-element-aeee37b elementor-widget elementor-widget-image\" data-id=\"aeee37b\" data-element_type=\"widget\" data-e-type=\"widget\" data-widget_type=\"image.default\">\n\t\t\t\t\t\t\t\t\t\t\t\t\t\t\t<img fetchpriority=\"high\" decoding=\"async\" width=\"768\" height=\"366\" src=\"https:\/\/nowa.joannagalanciak.pl\/wp-content\/uploads\/2026\/04\/Pracownia-wizerunku-212-x-101-mm-768x366.png\" class=\"attachment-medium_large size-medium_large wp-image-200\" alt=\"\" srcset=\"https:\/\/nowa.joannagalanciak.pl\/wp-content\/uploads\/2026\/04\/Pracownia-wizerunku-212-x-101-mm-768x366.png 768w, https:\/\/nowa.joannagalanciak.pl\/wp-content\/uploads\/2026\/04\/Pracownia-wizerunku-212-x-101-mm-300x143.png 300w, https:\/\/nowa.joannagalanciak.pl\/wp-content\/uploads\/2026\/04\/Pracownia-wizerunku-212-x-101-mm-1024x488.png 1024w, https:\/\/nowa.joannagalanciak.pl\/wp-content\/uploads\/2026\/04\/Pracownia-wizerunku-212-x-101-mm-1536x732.png 1536w, https:\/\/nowa.joannagalanciak.pl\/wp-content\/uploads\/2026\/04\/Pracownia-wizerunku-212-x-101-mm.png 2000w\" sizes=\"(max-width: 768px) 100vw, 768px\" \/>\t\t\t\t\t\t\t\t\t\t\t\t\t\t\t<\/div>\n\t\t\t\t\t<\/div>\n\t\t\t\t<\/div>\n\t\t<div class=\"elementor-element elementor-element-2f762ae e-flex e-con-boxed e-con e-parent\" data-id=\"2f762ae\" data-element_type=\"container\" data-e-type=\"container\">\n\t\t\t\t\t<div class=\"e-con-inner\">\n\t\t\t\t\t\t\t\t<p class=\"e-4966218-4d03c93 e-paragraph-base\" data-interaction-id=\"4966218\"  >\n\t\t\t\t\t\t\t\tMasz szaf\u0119 pe\u0142n\u0105 ubra\u0144, a dalej nie masz si\u0119 w co ubra\u0107?<br>Kupujesz rzeczy, kt\u00f3re p\u00f3\u017aniej le\u017c\u0105 nieu\u017cywane?<br>Czujesz, \u017ce co\u015b \u201cnie gra\u201d, ale nie wiesz co?\n\t\t\t\t\t<\/p>\n\t\t\t\t\t\t\t\t<p class=\"e-4d466ca-3a93a13 e-paragraph-base\" data-interaction-id=\"4d466ca\"  >\n\t\t\t\t\t\t\t\tAnaliza kolorystyczna pokazuje, jakie kolory naprawd\u0119 Ci s\u0142u\u017c\u0105 \u2014 w ubraniach, makija\u017cu i w\u0142osach.<br><br>\n\t\t\t\t\t<\/p>\n\t\t\t\t\t\t\t\t<p class=\"e-492e641-451fc48 e-paragraph-base\" data-interaction-id=\"492e641\"  >\n\t\t\t\t\t\t\t\tPo analizie:\n\t\t\t\t\t<\/p>\n\t\t\t\t<div class=\"elementor-element elementor-element-7e0c047 elementor-icon-list--layout-traditional elementor-list-item-link-full_width elementor-widget elementor-widget-icon-list\" data-id=\"7e0c047\" data-element_type=\"widget\" data-e-type=\"widget\" data-widget_type=\"icon-list.default\">\n\t\t\t\t\t\t\t<ul class=\"elementor-icon-list-items\">\n\t\t\t\t\t\t\t<li class=\"elementor-icon-list-item\">\n\t\t\t\t\t\t\t\t\t\t\t<span class=\"elementor-icon-list-icon\">\n\t\t\t\t\t\t\t<svg aria-hidden=\"true\" class=\"e-font-icon-svg e-fas-check\" viewBox=\"0 0 512 512\" xmlns=\"http:\/\/www.w3.org\/2000\/svg\"><path d=\"M173.898 439.404l-166.4-166.4c-9.997-9.997-9.997-26.206 0-36.204l36.203-36.204c9.997-9.998 26.207-9.998 36.204 0L192 312.69 432.095 72.596c9.997-9.997 26.207-9.997 36.204 0l36.203 36.204c9.997 9.997 9.997 26.206 0 36.204l-294.4 294.401c-9.998 9.997-26.207 9.997-36.204-.001z\"><\/path><\/svg>\t\t\t\t\t\t<\/span>\n\t\t\t\t\t\t\t\t\t\t<span class=\"elementor-icon-list-text\">wiesz, jakie kolory wybiera\u0107<\/span>\n\t\t\t\t\t\t\t\t\t<\/li>\n\t\t\t\t\t\t\t\t<li class=\"elementor-icon-list-item\">\n\t\t\t\t\t\t\t\t\t\t\t<span class=\"elementor-icon-list-icon\">\n\t\t\t\t\t\t\t<svg aria-hidden=\"true\" class=\"e-font-icon-svg e-fas-check\" viewBox=\"0 0 512 512\" xmlns=\"http:\/\/www.w3.org\/2000\/svg\"><path d=\"M173.898 439.404l-166.4-166.4c-9.997-9.997-9.997-26.206 0-36.204l36.203-36.204c9.997-9.998 26.207-9.998 36.204 0L192 312.69 432.095 72.596c9.997-9.997 26.207-9.997 36.204 0l36.203 36.204c9.997 9.997 9.997 26.206 0 36.204l-294.4 294.401c-9.998 9.997-26.207 9.997-36.204-.001z\"><\/path><\/svg>\t\t\t\t\t\t<\/span>\n\t\t\t\t\t\t\t\t\t\t<span class=\"elementor-icon-list-text\">robisz zakupy szybciej i trafniej<\/span>\n\t\t\t\t\t\t\t\t\t<\/li>\n\t\t\t\t\t\t\t\t<li class=\"elementor-icon-list-item\">\n\t\t\t\t\t\t\t\t\t\t\t<span class=\"elementor-icon-list-icon\">\n\t\t\t\t\t\t\t<svg aria-hidden=\"true\" class=\"e-font-icon-svg e-fas-check\" viewBox=\"0 0 512 512\" xmlns=\"http:\/\/www.w3.org\/2000\/svg\"><path d=\"M173.898 439.404l-166.4-166.4c-9.997-9.997-9.997-26.206 0-36.204l36.203-36.204c9.997-9.998 26.207-9.998 36.204 0L192 312.69 432.095 72.596c9.997-9.997 26.207-9.997 36.204 0l36.203 36.204c9.997 9.997 9.997 26.206 0 36.204l-294.4 294.401c-9.998 9.997-26.207 9.997-36.204-.001z\"><\/path><\/svg>\t\t\t\t\t\t<\/span>\n\t\t\t\t\t\t\t\t\t\t<span class=\"elementor-icon-list-text\">wygl\u0105dasz \u015bwie\u017co i sp\u00f3jnie<\/span>\n\t\t\t\t\t\t\t\t\t<\/li>\n\t\t\t\t\t\t\t\t<li class=\"elementor-icon-list-item\">\n\t\t\t\t\t\t\t\t\t\t\t<span class=\"elementor-icon-list-icon\">\n\t\t\t\t\t\t\t<svg aria-hidden=\"true\" class=\"e-font-icon-svg e-fas-check\" viewBox=\"0 0 512 512\" xmlns=\"http:\/\/www.w3.org\/2000\/svg\"><path d=\"M173.898 439.404l-166.4-166.4c-9.997-9.997-9.997-26.206 0-36.204l36.203-36.204c9.997-9.998 26.207-9.998 36.204 0L192 312.69 432.095 72.596c9.997-9.997 26.207-9.997 36.204 0l36.203 36.204c9.997 9.997 9.997 26.206 0 36.204l-294.4 294.401c-9.998 9.997-26.207 9.997-36.204-.001z\"><\/path><\/svg>\t\t\t\t\t\t<\/span>\n\t\t\t\t\t\t\t\t\t\t<span class=\"elementor-icon-list-text\">masz pewno\u015b\u0107 w codziennych wyborach<\/span>\n\t\t\t\t\t\t\t\t\t<\/li>\n\t\t\t\t\t\t<\/ul>\n\t\t\t\t\t\t<\/div>\n\t\t\t\t\t<\/div>\n\t\t\t\t<\/div>\n\t\t<div class=\"elementor-element elementor-element-061f2bc e-flex e-con-boxed e-con e-parent\" data-id=\"061f2bc\" data-element_type=\"container\" data-e-type=\"container\">\n\t\t\t\t\t<div class=\"e-con-inner\">\n\t\t\t\t\t\t\t<h2 \n\t\tdata-interaction-id=\"e7e5b45\" \n\t\tclass=\"e-heading-base\" \n\t\t \n\t\t\n\t>\n\t\n\t\t\tCo obejmuje:\n\t\t<\/h2>\n\t\t\t\t<div class=\"elementor-element elementor-element-8f936d7 elementor-icon-list--layout-traditional elementor-list-item-link-full_width elementor-widget elementor-widget-icon-list\" data-id=\"8f936d7\" data-element_type=\"widget\" data-e-type=\"widget\" data-widget_type=\"icon-list.default\">\n\t\t\t\t\t\t\t<ul class=\"elementor-icon-list-items\">\n\t\t\t\t\t\t\t<li class=\"elementor-icon-list-item\">\n\t\t\t\t\t\t\t\t\t\t\t<span class=\"elementor-icon-list-icon\">\n\t\t\t\t\t\t\t<svg aria-hidden=\"true\" class=\"e-font-icon-svg e-fas-check\" viewBox=\"0 0 512 512\" xmlns=\"http:\/\/www.w3.org\/2000\/svg\"><path d=\"M173.898 439.404l-166.4-166.4c-9.997-9.997-9.997-26.206 0-36.204l36.203-36.204c9.997-9.998 26.207-9.998 36.204 0L192 312.69 432.095 72.596c9.997-9.997 26.207-9.997 36.204 0l36.203 36.204c9.997 9.997 9.997 26.206 0 36.204l-294.4 294.401c-9.998 9.997-26.207 9.997-36.204-.001z\"><\/path><\/svg>\t\t\t\t\t\t<\/span>\n\t\t\t\t\t\t\t\t\t\t<span class=\"elementor-icon-list-text\">okre\u015blenie typu kolorystycznego<\/span>\n\t\t\t\t\t\t\t\t\t<\/li>\n\t\t\t\t\t\t\t\t<li class=\"elementor-icon-list-item\">\n\t\t\t\t\t\t\t\t\t\t\t<span class=\"elementor-icon-list-icon\">\n\t\t\t\t\t\t\t<svg aria-hidden=\"true\" class=\"e-font-icon-svg e-fas-check\" viewBox=\"0 0 512 512\" xmlns=\"http:\/\/www.w3.org\/2000\/svg\"><path d=\"M173.898 439.404l-166.4-166.4c-9.997-9.997-9.997-26.206 0-36.204l36.203-36.204c9.997-9.998 26.207-9.998 36.204 0L192 312.69 432.095 72.596c9.997-9.997 26.207-9.997 36.204 0l36.203 36.204c9.997 9.997 9.997 26.206 0 36.204l-294.4 294.401c-9.998 9.997-26.207 9.997-36.204-.001z\"><\/path><\/svg>\t\t\t\t\t\t<\/span>\n\t\t\t\t\t\t\t\t\t\t<span class=\"elementor-icon-list-text\">paleta kolor\u00f3w dla Ciebie<\/span>\n\t\t\t\t\t\t\t\t\t<\/li>\n\t\t\t\t\t\t\t\t<li class=\"elementor-icon-list-item\">\n\t\t\t\t\t\t\t\t\t\t\t<span class=\"elementor-icon-list-icon\">\n\t\t\t\t\t\t\t<svg aria-hidden=\"true\" class=\"e-font-icon-svg e-fas-check\" viewBox=\"0 0 512 512\" xmlns=\"http:\/\/www.w3.org\/2000\/svg\"><path d=\"M173.898 439.404l-166.4-166.4c-9.997-9.997-9.997-26.206 0-36.204l36.203-36.204c9.997-9.998 26.207-9.998 36.204 0L192 312.69 432.095 72.596c9.997-9.997 26.207-9.997 36.204 0l36.203 36.204c9.997 9.997 9.997 26.206 0 36.204l-294.4 294.401c-9.998 9.997-26.207 9.997-36.204-.001z\"><\/path><\/svg>\t\t\t\t\t\t<\/span>\n\t\t\t\t\t\t\t\t\t\t<span class=\"elementor-icon-list-text\">wskaz\u00f3wki do makija\u017cu<\/span>\n\t\t\t\t\t\t\t\t\t<\/li>\n\t\t\t\t\t\t\t\t<li class=\"elementor-icon-list-item\">\n\t\t\t\t\t\t\t\t\t\t\t<span class=\"elementor-icon-list-icon\">\n\t\t\t\t\t\t\t<svg aria-hidden=\"true\" class=\"e-font-icon-svg e-fas-check\" viewBox=\"0 0 512 512\" xmlns=\"http:\/\/www.w3.org\/2000\/svg\"><path d=\"M173.898 439.404l-166.4-166.4c-9.997-9.997-9.997-26.206 0-36.204l36.203-36.204c9.997-9.998 26.207-9.998 36.204 0L192 312.69 432.095 72.596c9.997-9.997 26.207-9.997 36.204 0l36.203 36.204c9.997 9.997 9.997 26.206 0 36.204l-294.4 294.401c-9.998 9.997-26.207 9.997-36.204-.001z\"><\/path><\/svg>\t\t\t\t\t\t<\/span>\n\t\t\t\t\t\t\t\t\t\t<span class=\"elementor-icon-list-text\">wskaz\u00f3wki do w\u0142os\u00f3w<\/span>\n\t\t\t\t\t\t\t\t\t<\/li>\n\t\t\t\t\t\t\t\t<li class=\"elementor-icon-list-item\">\n\t\t\t\t\t\t\t\t\t\t\t<span class=\"elementor-icon-list-icon\">\n\t\t\t\t\t\t\t<svg aria-hidden=\"true\" class=\"e-font-icon-svg e-fas-check\" viewBox=\"0 0 512 512\" xmlns=\"http:\/\/www.w3.org\/2000\/svg\"><path d=\"M173.898 439.404l-166.4-166.4c-9.997-9.997-9.997-26.206 0-36.204l36.203-36.204c9.997-9.998 26.207-9.998 36.204 0L192 312.69 432.095 72.596c9.997-9.997 26.207-9.997 36.204 0l36.203 36.204c9.997 9.997 9.997 26.206 0 36.204l-294.4 294.401c-9.998 9.997-26.207 9.997-36.204-.001z\"><\/path><\/svg>\t\t\t\t\t\t<\/span>\n\t\t\t\t\t\t\t\t\t\t<span class=\"elementor-icon-list-text\">garderoba kapsu\u0142owa<\/span>\n\t\t\t\t\t\t\t\t\t<\/li>\n\t\t\t\t\t\t\t\t<li class=\"elementor-icon-list-item\">\n\t\t\t\t\t\t\t\t\t\t\t<span class=\"elementor-icon-list-icon\">\n\t\t\t\t\t\t\t<svg aria-hidden=\"true\" class=\"e-font-icon-svg e-fas-check\" viewBox=\"0 0 512 512\" xmlns=\"http:\/\/www.w3.org\/2000\/svg\"><path d=\"M173.898 439.404l-166.4-166.4c-9.997-9.997-9.997-26.206 0-36.204l36.203-36.204c9.997-9.998 26.207-9.998 36.204 0L192 312.69 432.095 72.596c9.997-9.997 26.207-9.997 36.204 0l36.203 36.204c9.997 9.997 9.997 26.206 0 36.204l-294.4 294.401c-9.998 9.997-26.207 9.997-36.204-.001z\"><\/path><\/svg>\t\t\t\t\t\t<\/span>\n\t\t\t\t\t\t\t\t\t\t<span class=\"elementor-icon-list-text\">wskaz\u00f3wki dotycz\u0105ce bi\u017cuterii<\/span>\n\t\t\t\t\t\t\t\t\t<\/li>\n\t\t\t\t\t\t\t\t<li class=\"elementor-icon-list-item\">\n\t\t\t\t\t\t\t\t\t\t\t<span class=\"elementor-icon-list-icon\">\n\t\t\t\t\t\t\t<svg aria-hidden=\"true\" class=\"e-font-icon-svg e-fas-check\" viewBox=\"0 0 512 512\" xmlns=\"http:\/\/www.w3.org\/2000\/svg\"><path d=\"M173.898 439.404l-166.4-166.4c-9.997-9.997-9.997-26.206 0-36.204l36.203-36.204c9.997-9.998 26.207-9.998 36.204 0L192 312.69 432.095 72.596c9.997-9.997 26.207-9.997 36.204 0l36.203 36.204c9.997 9.997 9.997 26.206 0 36.204l-294.4 294.401c-9.998 9.997-26.207 9.997-36.204-.001z\"><\/path><\/svg>\t\t\t\t\t\t<\/span>\n\t\t\t\t\t\t\t\t\t\t<span class=\"elementor-icon-list-text\">otrzymasz na maila podsumowanie w formie PDF, kt\u00f3re pomo\u017ce Ci korzysta\u0107 z wiedzy w praktyce<\/span>\n\t\t\t\t\t\t\t\t\t<\/li>\n\t\t\t\t\t\t<\/ul>\n\t\t\t\t\t\t<\/div>\n\t\t\t\t\t<\/div>\n\t\t\t\t<\/div>\n\t\t<div class=\"elementor-element elementor-element-e349b87 e-con-full e-flex e-con e-parent\" data-id=\"e349b87\" data-element_type=\"container\" data-e-type=\"container\">\n\t\t<div class=\"elementor-element elementor-element-a7efc0c e-con-full e-flex e-con e-child\" data-id=\"a7efc0c\" data-element_type=\"container\" data-e-type=\"container\">\n\t\t\t\t<div class=\"elementor-element elementor-element-e2277c2 elementor-widget elementor-widget-image\" data-id=\"e2277c2\" data-element_type=\"widget\" data-e-type=\"widget\" data-widget_type=\"image.default\">\n\t\t\t\t\t\t\t\t\t\t\t\t<figure class=\"wp-caption\">\n\t\t\t\t\t\t\t\t\t\t<img decoding=\"async\" width=\"1024\" height=\"768\" src=\"https:\/\/nowa.joannagalanciak.pl\/wp-content\/uploads\/2026\/04\/Projekt-bez-nazwy-1-1024x768.png\" class=\"attachment-large size-large wp-image-206\" alt=\"\" srcset=\"https:\/\/nowa.joannagalanciak.pl\/wp-content\/uploads\/2026\/04\/Projekt-bez-nazwy-1-1024x768.png 1024w, https:\/\/nowa.joannagalanciak.pl\/wp-content\/uploads\/2026\/04\/Projekt-bez-nazwy-1-300x225.png 300w, https:\/\/nowa.joannagalanciak.pl\/wp-content\/uploads\/2026\/04\/Projekt-bez-nazwy-1-768x576.png 768w, https:\/\/nowa.joannagalanciak.pl\/wp-content\/uploads\/2026\/04\/Projekt-bez-nazwy-1-1536x1152.png 1536w, https:\/\/nowa.joannagalanciak.pl\/wp-content\/uploads\/2026\/04\/Projekt-bez-nazwy-1.png 2048w\" sizes=\"(max-width: 1024px) 100vw, 1024px\" \/>\t\t\t\t\t\t\t\t\t\t\t<figcaption class=\"widget-image-caption wp-caption-text\"><\/figcaption>\n\t\t\t\t\t\t\t\t\t\t<\/figure>\n\t\t\t\t\t\t\t\t\t<\/div>\n\t\t\t\t<\/div>\n\t\t<div class=\"elementor-element elementor-element-eb0a4f1 e-con-full e-flex e-con e-child\" data-id=\"eb0a4f1\" data-element_type=\"container\" data-e-type=\"container\">\n\t\t\t\t<div class=\"elementor-element elementor-element-a251eb3 elementor-widget elementor-widget-image\" data-id=\"a251eb3\" data-element_type=\"widget\" data-e-type=\"widget\" data-widget_type=\"image.default\">\n\t\t\t\t\t\t\t\t\t\t\t\t\t\t\t<img decoding=\"async\" width=\"1536\" height=\"1152\" src=\"https:\/\/nowa.joannagalanciak.pl\/wp-content\/uploads\/2026\/04\/Projekt-bez-nazwy-1536x1152.png\" class=\"attachment-1536x1536 size-1536x1536 wp-image-207\" alt=\"\" srcset=\"https:\/\/nowa.joannagalanciak.pl\/wp-content\/uploads\/2026\/04\/Projekt-bez-nazwy-1536x1152.png 1536w, https:\/\/nowa.joannagalanciak.pl\/wp-content\/uploads\/2026\/04\/Projekt-bez-nazwy-300x225.png 300w, https:\/\/nowa.joannagalanciak.pl\/wp-content\/uploads\/2026\/04\/Projekt-bez-nazwy-1024x768.png 1024w, https:\/\/nowa.joannagalanciak.pl\/wp-content\/uploads\/2026\/04\/Projekt-bez-nazwy-768x576.png 768w, https:\/\/nowa.joannagalanciak.pl\/wp-content\/uploads\/2026\/04\/Projekt-bez-nazwy.png 2048w\" sizes=\"(max-width: 1536px) 100vw, 1536px\" \/>\t\t\t\t\t\t\t\t\t\t\t\t\t\t\t<\/div>\n\t\t\t\t<\/div>\n\t\t\t\t<\/div>\n\t\t<div class=\"elementor-element elementor-element-8c00d31 e-con-full e-flex e-con e-parent\" data-id=\"8c00d31\" data-element_type=\"container\" data-e-type=\"container\">\n\t\t\t\t\t\t\t<h2 \n\t\tdata-interaction-id=\"1d12ce0\" \n\t\tclass=\"e-heading-base\" \n\t\t \n\t\t\n\t>\n\t\n\t\t\t<br>Opcje:\n\t\t<\/h2>\n\t\t\t\t\t\t\t<h3 \n\t\tdata-interaction-id=\"921c98d\" \n\t\tclass=\"e-921c98d-aab9d8f e-heading-base\" \n\t\t \n\t\t\n\t>\n\t\n\t\t\tAnaliza kolorystyczna&nbsp; &nbsp; &nbsp; &nbsp; &nbsp; &nbsp; &nbsp; &nbsp;450 z\u0142<br><br>Lekcja makija\u017cu&nbsp; &nbsp; &nbsp; &nbsp; &nbsp; &nbsp; &nbsp; &nbsp; &nbsp; &nbsp; &nbsp; &nbsp; &nbsp; &nbsp; 600 z\u0142<br><br>Pakiet analiza + lekcja&nbsp; &nbsp; &nbsp; &nbsp; &nbsp; &nbsp; 1000 z\u0142<br>\n\t\t<\/h3>\n\t\t\t\t\t\t\t<h3 \n\t\tdata-interaction-id=\"927694e\" \n\t\tclass=\"e-927694e-65a125a e-heading-base\" \n\t\t \n\t\t\n\t>\n\t\n\t\t\t<br>Najcz\u0119\u015bciej wybierany: pakiet analiza + lekcja<br><br><br>\n\t\t<\/h3>\n\t\t<div class=\"elementor-element elementor-element-7a47dca e-flex e-con-boxed e-con e-child\" data-id=\"7a47dca\" data-element_type=\"container\" data-e-type=\"container\">\n\t\t\t\t\t<div class=\"e-con-inner\">\n\t\t\t\t\t\t\t<h2 \n\t\tdata-interaction-id=\"c7ee6e8\" \n\t\tclass=\"e-heading-base\" \n\t\t \n\t\t\n\t>\n\t\n\t\t\tOpinie<br>\n\t\t<\/h2>\n\t\t\t\t\t\t\t<h3 \n\t\tdata-interaction-id=\"95debb4\" \n\t\tclass=\"e-heading-base\" \n\t\t \n\t\t\n\t>\n\t\n\t\t\t<br>\u2605\u2605\u2605\u2605\u2605<br><br>\"<em id=\"e-mnxgq4cc-hhft35b\">Inspiruj\u0105ce do\u015bwiadczenie - profesjonalne doradztwo i dob\u00f3r kolor\u00f3w a przede wszystkim wyja\u015bnienie jak samemu to robi\u0107 i na co zwr\u00f3ci\u0107 uwag\u0119 id\u0105c na zakupy , polecam ka\u017cdej kobiecie\"<\/em><br><br><br><em id=\"e-mnxgq4cc-47q91ea\"><br><br>\u2605\u2605\u2605\u2605\u2605<\/em><br><em id=\"e-mnxgq4cc-1vy3zil\"><br>\"Jeszcze nie och\u0142on\u0119\u0142am po tym wspania\u0142ym do\u015bwiadczeniu. Nie mog\u0119 si\u0119 doczeka\u0107 weekendu, \u017ceby zrobi\u0107 porz\u0105dki w szafie. Dzi\u015b po raz pierwszy \u015bwiadomie za\u0142o\u017cy\u0142am na siebie kolory z mojego miksu kapsu\u0142owego - i oczywi\u015bcie pojawi\u0142 si\u0119 pierwszy komplement w pracy \ud83d\ude42 Wraz ze zrozumieniem ca\u0142ej tej logiki kolorystycznej przychodzi spok\u00f3j i pewno\u015b\u0107 siebie - jestem na dobrej drodze. Polecam!\"&nbsp;<\/em><br><br><em id=\"e-mnxgq4cc-1jfw83w\"><br><br>\u2605\u2605\u2605\u2605\u2605<\/em><br><em id=\"e-mnxgq4cc-aeffh8n\"><br>\"Wspania\u0142a atmosfera, masa wiedzy i pocz\u0105tek nowej drogi! Dzi\u0119kuj\u0119 Joasiu za nasze spotkanie. Przeros\u0142o moje oczekiwania i w dalszym ci\u0105gu nie mog\u0119 wyj\u015b\u0107 z podziwu jak analiza kolorystyczna zmienia cala w\u0142asna percepcj\u0119! Polecam ka\u017cdemu!\"<\/em><br><br><em id=\"e-mnxgq4cc-1yfepo0\"><br><br>\u2605\u2605\u2605\u2605\u2605<\/em><br><em id=\"e-mnxgq4cc-0l5m2oc\"><br>\"Melan\u017c emocji -pozytywnych emocji, \u0142zy wzruszenia, wyj\u015bcia z ukrycia, dostrze\u017cenie swojego potencja\u0142u a to Wszystko dzi\u0119ki wiedzy i pracy nad wizerunkiem z Pani\u0105 Joasi\u0105 .Mocno Dzi\u0119kuj\u0119 !!\"<\/em>\n\t\t<\/h3>\n\t\t\t\t\t<\/div>\n\t\t\t\t<\/div>\n\t\t\t\t<\/div>\n\t\t<div class=\"elementor-element elementor-element-f074f6b e-flex e-con-boxed e-con e-parent\" data-id=\"f074f6b\" data-element_type=\"container\" data-e-type=\"container\">\n\t\t\t\t\t<div class=\"e-con-inner\">\n\t\t\t\t\t\t\t<h3 \n\t\tdata-interaction-id=\"496ff21\" \n\t\tclass=\"e-496ff21-2c1ca44 e-heading-base\" \n\t\t \n\t\t\n\t>\n\t\n\t\t\t<br><br>Sprawd\u017a dost\u0119pne terminy i um\u00f3w wizyt\u0119\n\t\t<\/h3>\n\t\t\t\t\t    \t            <a\n            \t\t\thref=\"http:\/\/joannagalanciak.booksy.com\/a\"\n        target=\"_blank\"\n            class=\"e-0903927-d3c7d4d e-button-base\"\n            data-interaction-id=\"0903927\"\n             \n        >\n            Um\u00f3w wizyt\u0119 w Booksy\n        <\/a>\n    \t\t\t\t\t<\/div>\n\t\t\t\t<\/div>\n\t\t\t\t<\/div>\n\t\t","protected":false},"excerpt":{"rendered":"<p>Odkryj kolory, kt\u00f3re naprawd\u0119 do Ciebie pasuj\u0105 Dowiesz si\u0119, jakie kolory podkre\u015blaj\u0105 Twoj\u0105 urod\u0119 i jak z nich korzysta\u0107 na co dzie\u0144. Um\u00f3w wizyt\u0119 w Booksy Masz szaf\u0119 pe\u0142n\u0105 ubra\u0144, a dalej nie masz si\u0119 w co ubra\u0107?Kupujesz rzeczy, kt\u00f3re p\u00f3\u017aniej le\u017c\u0105 nieu\u017cywane?Czujesz, \u017ce co\u015b \u201cnie gra\u201d, ale nie wiesz co? Analiza kolorystyczna pokazuje, jakie [&hellip;]<\/p>\n","protected":false},"author":1,"featured_media":0,"parent":0,"menu_order":0,"comment_status":"closed","ping_status":"closed","template":"","meta":{"footnotes":""},"class_list":["post-188","page","type-page","status-publish","hentry"],"_links":{"self":[{"href":"https:\/\/nowa.joannagalanciak.pl\/index.php?rest_route=\/wp\/v2\/pages\/188","targetHints":{"allow":["GET"]}}],"collection":[{"href":"https:\/\/nowa.joannagalanciak.pl\/index.php?rest_route=\/wp\/v2\/pages"}],"about":[{"href":"https:\/\/nowa.joannagalanciak.pl\/index.php?rest_route=\/wp\/v2\/types\/page"}],"author":[{"embeddable":true,"href":"https:\/\/nowa.joannagalanciak.pl\/index.php?rest_route=\/wp\/v2\/users\/1"}],"replies":[{"embeddable":true,"href":"https:\/\/nowa.joannagalanciak.pl\/index.php?rest_route=%2Fwp%2Fv2%2Fcomments&post=188"}],"version-history":[{"count":25,"href":"https:\/\/nowa.joannagalanciak.pl\/index.php?rest_route=\/wp\/v2\/pages\/188\/revisions"}],"predecessor-version":[{"id":221,"href":"https:\/\/nowa.joannagalanciak.pl\/index.php?rest_route=\/wp\/v2\/pages\/188\/revisions\/221"}],"wp:attachment":[{"href":"https:\/\/nowa.joannagalanciak.pl\/index.php?rest_route=%2Fwp%2Fv2%2Fmedia&parent=188"}],"curies":[{"name":"wp","href":"https:\/\/api.w.org\/{rel}","templated":true}]}}