{"id":2,"date":"2026-04-12T11:36:34","date_gmt":"2026-04-12T11:36:34","guid":{"rendered":"https:\/\/nowa.joannagalanciak.pl\/?page_id=2"},"modified":"2026-04-13T13:10:26","modified_gmt":"2026-04-13T13:10:26","slug":"sample-page","status":"publish","type":"page","link":"https:\/\/nowa.joannagalanciak.pl\/?page_id=2","title":{"rendered":"Strona G\u0142\u00f3wna"},"content":{"rendered":"\t\t<div data-elementor-type=\"wp-page\" data-elementor-id=\"2\" class=\"elementor elementor-2\">\n\t\t\t\t<div class=\"elementor-element elementor-element-a4a2c7f e-con-full e-flex e-con e-parent\" data-id=\"a4a2c7f\" data-element_type=\"container\" data-e-type=\"container\" data-settings=\"{&quot;background_background&quot;:&quot;classic&quot;}\">\n\t\t\t\t\t\t\t<h2 \n\t\tdata-interaction-id=\"0a6d91c\" \n\t\tclass=\"e-0a6d91c-db3fb84 e-heading-base\" \n\t\t \n\t\t\n\t>\n\t\n\t\t\t<br>Kompleksowe przygotowanie: makija\u017c i fryzura \u2013 \u0141\u00f3d\u017a\n\t\t<\/h2>\n\t\t\t\t\t\t\t\t<p class=\"e-d176c3d-d9e0973 e-paragraph-base\" data-interaction-id=\"d176c3d\"  >\n\t\t\t\t\t\t\t\tPrzygotuj\u0119 Ci\u0119 na wa\u017cne wyj\u015bcie tak, \u017ceby\u015b wygl\u0105da\u0142a sp\u00f3jnie i czu\u0142a si\u0119 pewnie.<br>Makija\u017c i fryzura dopasowane do Twojej urody, stylu i okazji.\n\t\t\t\t\t<\/p>\n\t\t\t\t\t    \t            <a\n            \t\t\thref=\"http:\/\/joannagalanciak.booksy.com\/a\"\n        target=\"_blank\"\n            class=\"e-5f6a3e8-6c2f7d8 e-button-base\"\n            data-interaction-id=\"5f6a3e8\"\n             \n        >\n            Um\u00f3w wizyt\u0119\n        <\/a>\n    \t\t\t\t<div class=\"elementor-element elementor-element-613c48e elementor-widget elementor-widget-image\" data-id=\"613c48e\" data-element_type=\"widget\" data-e-type=\"widget\" data-widget_type=\"image.default\">\n\t\t\t\t\t\t\t\t\t\t\t\t\t\t\t<img fetchpriority=\"high\" decoding=\"async\" width=\"768\" height=\"960\" src=\"https:\/\/nowa.joannagalanciak.pl\/wp-content\/uploads\/2026\/04\/IMG_4296_jpg-768x960.jpg\" class=\"attachment-medium_large size-medium_large wp-image-66\" alt=\"\" srcset=\"https:\/\/nowa.joannagalanciak.pl\/wp-content\/uploads\/2026\/04\/IMG_4296_jpg-768x960.jpg 768w, https:\/\/nowa.joannagalanciak.pl\/wp-content\/uploads\/2026\/04\/IMG_4296_jpg-240x300.jpg 240w, https:\/\/nowa.joannagalanciak.pl\/wp-content\/uploads\/2026\/04\/IMG_4296_jpg-819x1024.jpg 819w, https:\/\/nowa.joannagalanciak.pl\/wp-content\/uploads\/2026\/04\/IMG_4296_jpg-1229x1536.jpg 1229w, https:\/\/nowa.joannagalanciak.pl\/wp-content\/uploads\/2026\/04\/IMG_4296_jpg-1638x2048.jpg 1638w, https:\/\/nowa.joannagalanciak.pl\/wp-content\/uploads\/2026\/04\/IMG_4296_jpg.jpg 2043w\" sizes=\"(max-width: 768px) 100vw, 768px\" \/>\t\t\t\t\t\t\t\t\t\t\t\t\t\t\t<\/div>\n\t\t\t\t\t\t\t\t<p class=\"e-paragraph-base\" data-interaction-id=\"45ab98a\"  >\n\t\t\t\t\t\t\t\t.\n\t\t\t\t\t<\/p>\n\t\t\t\t<\/div>\n\t\t<div class=\"elementor-element elementor-element-46a8dda e-flex e-con-boxed e-con e-parent\" data-id=\"46a8dda\" data-element_type=\"container\" data-e-type=\"container\">\n\t\t\t\t\t<div class=\"e-con-inner\">\n\t\t<div class=\"elementor-element elementor-element-b820591 e-con-full e-flex e-con e-child\" data-id=\"b820591\" data-element_type=\"container\" data-e-type=\"container\" data-settings=\"{&quot;background_background&quot;:&quot;classic&quot;}\">\n\t\t\t\t\t\t\t<h2 \n\t\tdata-interaction-id=\"1b395da\" \n\t\tclass=\"e-1b395da-777dd21 e-heading-base\" \n\t\t \n\t\t\n\t>\n\t\n\t\t\tKompleksowe przygotowanie\n\t\t<\/h2>\n\t\t\t\t\t\t\t\t<p class=\"e-4a6f7f8-c148ba8 e-paragraph-base\" data-interaction-id=\"4a6f7f8\"  >\n\t\t\t\t\t\t\t\tMakija\u017c i fryzura dopasowane do Ciebie i okazji.<br>Najlepszy wyb\u00f3r, je\u015bli chcesz mie\u0107 sp\u00f3jny efekt.&nbsp;<br>Najlepszy wyb\u00f3r na wa\u017cne wydarzenia\n\t\t\t\t\t<\/p>\n\t\t\t\t\t    \t            <a\n            \t\t\thref=\"#kompleks\"\n        target=\"_self\"\n            class=\"e-d36d5c6-bd86b4a e-button-base\"\n            data-interaction-id=\"d36d5c6\"\n             \n        >\n            Zobacz wi\u0119cej\n        <\/a>\n    \t\t\t\t<\/div>\n\t\t<div class=\"elementor-element elementor-element-79f3541 e-con-full e-flex e-con e-child\" data-id=\"79f3541\" data-element_type=\"container\" data-e-type=\"container\" data-settings=\"{&quot;background_background&quot;:&quot;classic&quot;}\">\n\t\t\t\t\t\t\t<h2 \n\t\tdata-interaction-id=\"6d1f1ae\" \n\t\tclass=\"e-6d1f1ae-9150c0b e-heading-base\" \n\t\t \n\t\t\n\t>\n\t\n\t\t\tAnaliza kolorystyczna\n\t\t<\/h2>\n\t\t\t\t\t\t\t\t<p class=\"e-684d81f-9e885c3 e-paragraph-base\" data-interaction-id=\"684d81f\"  >\n\t\t\t\t\t\t\t\tPoznaj kolory, kt\u00f3re podkre\u015blaj\u0105 Twoj\u0105 urod\u0119 i u\u0142atwiaj\u0105 codzienne wybory.&nbsp;<br>Idealna je\u015bli chcesz zmieni\u0107 sw\u00f3j styl na sta\u0142e\n\t\t\t\t\t<\/p>\n\t\t\t\t\t    \t            <a\n            \t\t\thref=\"#analiza\"\n        target=\"_self\"\n            class=\"e-b935e96-8be4751 e-button-base\"\n            data-interaction-id=\"b935e96\"\n             \n        >\n            Zobacz wi\u0119cej\n        <\/a>\n    \t\t\t\t<\/div>\n\t\t\t\t\t<\/div>\n\t\t\t\t<\/div>\n\t\t<div class=\"elementor-element elementor-element-1dd8fab e-con-full e-flex e-con e-parent\" data-id=\"1dd8fab\" data-element_type=\"container\" data-e-type=\"container\">\n\t\t<div class=\"elementor-element elementor-element-4bd9b31 e-con-full e-flex e-con e-child\" data-id=\"4bd9b31\" data-element_type=\"container\" data-e-type=\"container\" data-settings=\"{&quot;background_background&quot;:&quot;classic&quot;}\">\n\t\t\t\t\t\t\t<h2 \n\t\tdata-interaction-id=\"1d12a86\" \n\t\tclass=\"e-1d12a86-b4e8fe5 e-heading-base\" \n\t\t \n\t\t\n\t>\n\t\n\t\t\tMakija\u017c\n\t\t<\/h2>\n\t\t\t\t\t\t\t\t<p class=\"e-c48266a-1e37b6e e-paragraph-base\" data-interaction-id=\"c48266a\"  >\n\t\t\t\t\t\t\t\tJe\u015bli potrzebujesz tylko makija\u017cu \u2013 dopasuj\u0119 go do Twojej urody i stylu.\n\t\t\t\t\t<\/p>\n\t\t\t\t\t    \t            <a\n            \t\t\thref=\"#makijaz\"\n        target=\"_self\"\n            class=\"e-14ad4d2-d1d1871 e-button-base\"\n            data-interaction-id=\"14ad4d2\"\n             \n        >\n            Zobacz wi\u0119cej\n        <\/a>\n    \t\t\t\t<\/div>\n\t\t<div class=\"elementor-element elementor-element-14eba19 e-con-full e-flex e-con e-child\" data-id=\"14eba19\" data-element_type=\"container\" data-e-type=\"container\" data-settings=\"{&quot;background_background&quot;:&quot;classic&quot;}\">\n\t\t\t\t\t\t\t<h2 \n\t\tdata-interaction-id=\"3a2dbbb\" \n\t\tclass=\"e-3a2dbbb-821dcf7 e-heading-base\" \n\t\t \n\t\t\n\t>\n\t\n\t\t\tFryzura\n\t\t<\/h2>\n\t\t\t\t\t\t\t\t<p class=\"e-2971556-be0c2ba e-paragraph-base\" data-interaction-id=\"2971556\"  >\n\t\t\t\t\t\t\t\tStylizacja w\u0142os\u00f3w dopasowana do okazji i ca\u0142ej stylizacji.\n\t\t\t\t\t<\/p>\n\t\t\t\t\t    \t            <a\n            \t\t\thref=\"#fryzura\"\n        target=\"_self\"\n            class=\"e-d88c5ec-9d1649e e-button-base\"\n            data-interaction-id=\"d88c5ec\"\n             \n        >\n            Zobacz wi\u0119cej\n        <\/a>\n    \t\t\t\t<\/div>\n\t\t\t\t<\/div>\n\t\t<div class=\"elementor-element elementor-element-3d8b114 e-flex e-con-boxed e-con e-parent\" data-id=\"3d8b114\" data-element_type=\"container\" data-e-type=\"container\">\n\t\t\t\t\t<div class=\"e-con-inner\">\n\t\t<div class=\"elementor-element elementor-element-6de7462 e-con-full e-flex e-con e-child\" data-id=\"6de7462\" data-element_type=\"container\" data-e-type=\"container\">\n\t\t\t\t\t\t\t<h2 \n\t\tdata-interaction-id=\"da8459f\" \n\t\tclass=\"e-da8459f-3388c3a e-heading-base\" \n\t\t \n\t\t\n\t>\n\t\n\t\t\t<br><br>Nie wiesz od czego zacz\u0105\u0107? Zacznij od analizy kolorystycznej\n\t\t<\/h2>\n\t\t\t\t\t\t\t\t<p class=\"e-79161e7-7e1e729 e-paragraph-base\" data-interaction-id=\"79161e7\"  >\n\t\t\t\t\t\t\t\tPoznasz kolory, kt\u00f3re podkre\u015blaj\u0105 Twoj\u0105 urod\u0119 i u\u0142atwiaj\u0105 codzienne wybory.\n\t\t\t\t\t<\/p>\n\t\t\t\t\t    \t            <a\n            \t\t\thref=\"http:\/\/joannagalanciak.booksy.com\/a\"\n        target=\"_blank\"\n            class=\"e-8c6912e-a5075bc e-button-base\"\n            data-interaction-id=\"8c6912e\"\n             \n        >\n            Um\u00f3w wizyt\u0119\n        <\/a>\n    \t\t\t\t<\/div>\n\t\t\t\t\t\t\t<h2 \n\t\tdata-interaction-id=\"fccdb9e\" \n\t\tclass=\"e-fccdb9e-ca5219c e-heading-base\" \n\t\t \n\t\t\n\t>\n\t\n\t\t\t<br>Dojazd do klientki\n\t\t<\/h2>\n\t\t\t\t\t\t\t\t<p class=\"e-ec7899c-639df5a e-paragraph-base\" data-interaction-id=\"ec7899c\"  >\n\t\t\t\t\t\t\t\tDoje\u017cd\u017cam na terenie \u0141odzi i okolic przy rezerwacji ca\u0142odniowych pakiet\u00f3w (\u015bluby, eventy).\n\t\t\t\t\t<\/p>\n\t\t\t\t\t\t\t<h2 \n\t\tdata-interaction-id=\"eba03ce\" \n\t\tclass=\"e-eba03ce-466674e e-heading-base\" \n\t\t \n\t\t\n\t>\n\t\n\t\t\t<br><br>Vouchery na analiz\u0119 kolorystyczn\u0105 lub lekcj\u0119 makija\u017cu&nbsp;\n\t\t<\/h2>\n\t\t\t\t\t\t\t\t<p class=\"e-f3a07b4-2c24eb9 e-paragraph-base\" data-interaction-id=\"f3a07b4\"  >\n\t\t\t\t\t\t\t\tPomys\u0142 na prezent, kt\u00f3ry naprawd\u0119 ma sens.<br><br>Analiza kolorystyczna, lekcja makija\u017cu lub pakiet \u0142\u0105czony.<br> <br>Idealny dla kobiety, kt\u00f3ra chce wygl\u0105da\u0107 lepiej i czu\u0107 si\u0119 pewniej.\n\t\t\t\t\t<\/p>\n\t\t\t\t\t    \t            <a\n            \t\t\thref=\"mailto:kontakt@joannagalanciak.pl?subject=Zakup%20vouchera&body=Dzie\u0144%20dobry,%20chcia\u0142abym%20kupi\u0107%20voucher%20na:%20\"\n        target=\"_blank\"\n            class=\"e-a0c6458-696f0fb e-button-base\"\n            data-interaction-id=\"a0c6458\"\n             \n        >\n            Kup voucher\n        <\/a>\n    \t\t<div class=\"elementor-element elementor-element-f5c799e e-con-full e-flex e-con e-child\" data-id=\"f5c799e\" data-element_type=\"container\" data-e-type=\"container\">\n\t\t\t\t<div class=\"elementor-element elementor-element-efd2317 elementor-widget elementor-widget-image\" data-id=\"efd2317\" data-element_type=\"widget\" data-e-type=\"widget\" data-widget_type=\"image.default\">\n\t\t\t\t\t\t\t\t\t\t\t\t\t\t\t<img decoding=\"async\" width=\"768\" height=\"362\" src=\"https:\/\/nowa.joannagalanciak.pl\/wp-content\/uploads\/2026\/04\/Kopia-Voucher-1-768x362.jpg\" class=\"attachment-medium_large size-medium_large wp-image-102\" alt=\"\" srcset=\"https:\/\/nowa.joannagalanciak.pl\/wp-content\/uploads\/2026\/04\/Kopia-Voucher-1-768x362.jpg 768w, https:\/\/nowa.joannagalanciak.pl\/wp-content\/uploads\/2026\/04\/Kopia-Voucher-1-300x141.jpg 300w, https:\/\/nowa.joannagalanciak.pl\/wp-content\/uploads\/2026\/04\/Kopia-Voucher-1-1024x483.jpg 1024w, https:\/\/nowa.joannagalanciak.pl\/wp-content\/uploads\/2026\/04\/Kopia-Voucher-1-1536x724.jpg 1536w, https:\/\/nowa.joannagalanciak.pl\/wp-content\/uploads\/2026\/04\/Kopia-Voucher-1.jpg 2000w\" sizes=\"(max-width: 768px) 100vw, 768px\" \/>\t\t\t\t\t\t\t\t\t\t\t\t\t\t\t<\/div>\n\t\t\t\t<\/div>\n\t\t\t\t\t<\/div>\n\t\t\t\t<\/div>\n\t\t<div class=\"elementor-element elementor-element-55c43e9 e-flex e-con-boxed e-con e-parent\" data-id=\"55c43e9\" data-element_type=\"container\" data-e-type=\"container\">\n\t\t\t\t\t<div class=\"e-con-inner\">\n\t\t\t\t\t\t\t<h2 \n\t\tdata-interaction-id=\"fbd25bf\" \n\t\tclass=\"e-fbd25bf-8c773b1 e-heading-base\" \n\t\t \n\t\t\n\t>\n\t\n\t\t\t<br><br><br>O mnie\n\t\t<\/h2>\n\t\t\t\t\t\t\t\t<p class=\"e-be30292-978136c e-paragraph-base\" data-interaction-id=\"be30292\"  >\n\t\t\t\t\t\t\t\tPomagam kobietom wygl\u0105da\u0107 sp\u00f3jnie i czu\u0107 si\u0119 pewnie \u2014 bez zgadywania, co do nich pasuje.<br><br>\u0141\u0105cz\u0119 makija\u017c, fryzur\u0119 i kolorystyk\u0119 tak, \u017ceby ca\u0142o\u015b\u0107 mia\u0142a sens i podkre\u015bla\u0142a urod\u0119, a nie j\u0105 przykrywa\u0142a.<br><br>Pracuj\u0119 indywidualnie, bez schemat\u00f3w \u2014 dopasowuj\u0105c wszystko do Twojego stylu, okazji i tego, w czym naprawd\u0119 czujesz si\u0119 dobrze.<br>\n\t\t\t\t\t<\/p>\n\t\t\t\t<div class=\"elementor-element elementor-element-1fa3016 elementor-widget elementor-widget-image\" data-id=\"1fa3016\" data-element_type=\"widget\" data-e-type=\"widget\" data-widget_type=\"image.default\">\n\t\t\t\t\t\t\t\t\t\t\t\t\t\t\t<img decoding=\"async\" width=\"768\" height=\"1152\" src=\"https:\/\/nowa.joannagalanciak.pl\/wp-content\/uploads\/2026\/04\/DSC_7582ps-\u2014-kopia-768x1152.jpg\" class=\"attachment-medium_large size-medium_large wp-image-68\" alt=\"\" srcset=\"https:\/\/nowa.joannagalanciak.pl\/wp-content\/uploads\/2026\/04\/DSC_7582ps-\u2014-kopia-768x1152.jpg 768w, https:\/\/nowa.joannagalanciak.pl\/wp-content\/uploads\/2026\/04\/DSC_7582ps-\u2014-kopia-200x300.jpg 200w, https:\/\/nowa.joannagalanciak.pl\/wp-content\/uploads\/2026\/04\/DSC_7582ps-\u2014-kopia-683x1024.jpg 683w, https:\/\/nowa.joannagalanciak.pl\/wp-content\/uploads\/2026\/04\/DSC_7582ps-\u2014-kopia-1024x1536.jpg 1024w, https:\/\/nowa.joannagalanciak.pl\/wp-content\/uploads\/2026\/04\/DSC_7582ps-\u2014-kopia-1365x2048.jpg 1365w, https:\/\/nowa.joannagalanciak.pl\/wp-content\/uploads\/2026\/04\/DSC_7582ps-\u2014-kopia-scaled.jpg 1707w\" sizes=\"(max-width: 768px) 100vw, 768px\" \/>\t\t\t\t\t\t\t\t\t\t\t\t\t\t\t<\/div>\n\t\t\t\t\t<\/div>\n\t\t\t\t<\/div>\n\t\t<div class=\"elementor-element elementor-element-eb8eaf7 e-flex e-con-boxed e-con e-parent\" data-id=\"eb8eaf7\" data-element_type=\"container\" data-e-type=\"container\">\n\t\t\t\t\t<div class=\"e-con-inner\">\n\t\t\t\t\t\t\t<h2 \n\t\tdata-interaction-id=\"8ea99c7\" \n\t\tclass=\"e-8ea99c7-42cec3f e-heading-base\" \n\t\t \n\t\t\n\t>\n\t\n\t\t\t<br><br><br><br><br>Opinie klientek\n\t\t<\/h2>\n\t\t\t\t\t\t\t\t<p class=\"e-360a2be-f96428e e-paragraph-base\" data-interaction-id=\"360a2be\"  >\n\t\t\t\t\t\t\t\t\u2605\u2605\u2605\u2605\u2605<br><em id=\"e-mnx2xhbv-jxf3sel\">\"By\u0142am u Pani Joanny na analizie kolorystycznej. Taka analiza powinna by\u0107 refundowana przez NFZ Po analizie zmieni\u0142am fryzur\u0119, kolor w\u0142os\u00f3w i stopniowo wymieniam garderob\u0119, czuj\u0119 si\u0119 ze sob\u0105 du\u017co lepiej i widz\u0119 to tak\u017ce w reakcjach innych os\u00f3b. Spotkanie przebieg\u0142o w przemi\u0142ej i szczerej atmosferze. Nie by\u0142y to kr\u0119puj\u0105ce rozmowy o niczym. Pani Joanna jest \u015bwietna w swoim fachu i jest do tego ciep\u0142\u0105 i mi\u0142\u0105 osob\u0105. Polecam\"<br><\/em><br><em id=\"e-mnx2xhbv-qukormb\"><br><br><\/em>\u2605\u2605\u2605\u2605\u2605<br><em id=\"e-mnx2xhbv-h3d8jlh\">\"Polecam! \u015awietny dob\u00f3r makija\u017cu i fryzury do preferencji klientki oraz ubioru. Perfekcyjne wykonanie i przy tym mi\u0142a atmosfera :)\"<br><\/em><br><em id=\"e-mnx2xhbv-pq4o5yj\"><br><br><\/em>\u2605\u2605\u2605\u2605\u2605<br><em id=\"e-mnx2xhbv-plk1dfd\">\"Od samego pocz\u0105tku do ko\u0144ca wizyty wspania\u0142a atmosfera ! Pani Joanna jest bardzo zaanga\u017cowana, precyzyjna i wspaniale dobra\u0142a makija\u017c i fryzur\u0119 do klienta. Bardzo du\u017cym plusem s\u0105 te\u017c poranne godziny wykonania us\u0142ugi <br>Czu\u0142am si\u0119 jak prawdziwa gwiazda ! <br>Bardzo polecam, na pewno wr\u00f3c\u0119\"<br><\/em><br><em id=\"e-mnx2xhbv-snqs78d\"><br><br><\/em>\u2605\u2605\u2605\u2605\u2605<br><em id=\"e-mnx2xhbv-nul7c84\">\"By\u0142am u Pani Joanny na pakiecie wraz z siostr\u0105 i mam\u0105. Wszystkie jeste\u015bmy zachwycone Mimo, \u017ce makija\u017ce i fryzury by\u0142y robione bardzo wcze\u015bnie to utrzyma\u0142y si\u0119 przez ca\u0142\u0105 noc. Bardzo polecam! I nie tylko za profesjonalny makija\u017c i fryzur\u0119, ale za cudown\u0105 atmosfer\u0119 dzi\u0119ki kt\u00f3rej czas sp\u0119dzony w salonie mija bardzo szybko i przyjemnie\"<\/em><br><br><br><br><br>\n\t\t\t\t\t<\/p>\n\t\t\t\t\t<\/div>\n\t\t\t\t<\/div>\n\t\t<div class=\"elementor-element elementor-element-2d93a7c e-con-full e-flex e-con e-parent\" data-id=\"2d93a7c\" data-element_type=\"container\" data-e-type=\"container\">\n\t\t\t\t\t\t\t<h2 \n\t\tdata-interaction-id=\"95a52aa\" \n\t\tclass=\"e-95a52aa-64404dc e-heading-base\" \n\t\t \n\t\t\n\t>\n\t\n\t\t\tUm\u00f3w wizyt\u0119\n\t\t<\/h2>\n\t\t\t\t\t\t\t\t<p class=\"e-fbafda5-643992a e-paragraph-base\" data-interaction-id=\"fbafda5\"  >\n\t\t\t\t\t\t\t\tNajwygodniej um\u00f3wi\u0107 wizyt\u0119 przez Booksy \u2014 tam sprawdzisz dost\u0119pne terminy i od razu dokonasz rezerwacji.<br>Je\u015bli masz pytanie, mo\u017cesz te\u017c zadzwoni\u0107 lub napisa\u0107 maila.\n\t\t\t\t\t<\/p>\n\t\t\t\t\t    \t            <a\n            \t\t\thref=\"http:\/\/joannagalanciak.booksy.com\/a\"\n        target=\"_self\"\n            class=\"e-83f7a76-9ed3092 e-button-base\"\n            data-interaction-id=\"83f7a76\"\n             \n        >\n            Um\u00f3w wizyt\u0119 w Booksy\n        <\/a>\n    \t\t\t\t\t\t\t\t<p class=\"e-29bceb9-a905796 e-paragraph-base\" data-interaction-id=\"29bceb9\"  >\n\t\t\t\t\t\t\t<a\n\t\t\t\t\t\t\t\t\t\thref=\"tel:502847561\"\n\t\t\t\t\ttarget=\"_self\"\n\t\t\t\t\tclass=\"e-paragraph-link-base\"\n\t\t\t\t>\n\t\t\t\t\t\t502 847 561\n\t\t\t\t<\/a>\n\t\t\t\t\t<\/p>\n\t\t\t\t\t\t\t\t<p class=\"e-paragraph-base\" data-interaction-id=\"932a4c6\"  >\n\t\t\t\t\t\t\t<a\n\t\t\t\t\t\t\t\t\t\thref=\"mailto:joanna.galanciak200@gmail.com?subject=Zapytanie%20o%20wizyt\u0119\"\n\t\t\t\t\ttarget=\"_blank\"\n\t\t\t\t\tclass=\"e-paragraph-link-base\"\n\t\t\t\t>\n\t\t\t\t\t\tjoanna.galanciak200@gmail.com\n\t\t\t\t<\/a>\n\t\t\t\t\t<\/p>\n\t\t\t\t<\/div>\n\t\t<div class=\"elementor-element elementor-element-cce96df e-con-full e-flex e-con e-parent\" data-id=\"cce96df\" data-element_type=\"container\" data-e-type=\"container\" data-settings=\"{&quot;background_background&quot;:&quot;classic&quot;}\">\n\t\t\t\t\t\t\t\n\t\t<img class=\"e-image-base e-469bb42-451528b\" \n\t\t\t\t\tdata-interaction-id=\"469bb42\" \n\t\t \n\t\t \n\t\t\t\t\t\t\t\t\tid=\"150\"\n\t\t\t\t\t\t\t\t\t\t\t\tsrc=\"https:\/\/nowa.joannagalanciak.pl\/wp-content\/uploads\/2026\/04\/Pracownia-wizerunku-150x150.png\"\n\t\t\t\t\t\t\t\t\t\t\t\twidth=\"150\"\n\t\t\t\t\t\t\t\t\t\t\t\theight=\"150\"\n\t\t\t\t\t\t\t\t\t\t\t\tsrcset=\"https:\/\/nowa.joannagalanciak.pl\/wp-content\/uploads\/2026\/04\/Pracownia-wizerunku-150x150.png 150w, https:\/\/nowa.joannagalanciak.pl\/wp-content\/uploads\/2026\/04\/Pracownia-wizerunku-300x300.png 300w, https:\/\/nowa.joannagalanciak.pl\/wp-content\/uploads\/2026\/04\/Pracownia-wizerunku.png 500w\"\n\t\t\t\t\t\t\t\t\t\t\t\talt=\"\"\n\t\t\t\t\t\t\/>\n\t\t\t<div class=\"elementor-element elementor-element-8f7d612 e-con-full e-flex e-con e-child\" data-id=\"8f7d612\" data-element_type=\"container\" data-e-type=\"container\">\n\t\t\t\t\t\t\t<h2 \n\t\tdata-interaction-id=\"f8e17d9\" \n\t\tclass=\"e-f8e17d9-22337e3 e-heading-base\" \n\t\t \n\t\t\n\t>\n\t\n\t\t\tAdres\n\t\t<\/h2>\n\t\t\t\t\t\t\t<h2 \n\t\tdata-interaction-id=\"aab235b\" \n\t\tclass=\"e-aab235b-d97bacd e-heading-base\" \n\t\t \n\t\t\n\t>\n\t\n\t\t\t<a \n\t\t\t\t\t\thref=\"https:\/\/maps.app.goo.gl\/rzLkAmh2HVT1Woed8\"\n\t\t\ttarget=\"_self\" \n\t\t\tclass=\"e-heading-link-base\">\n\t\t\tAl. Ko\u015bciuszki 89a<br>90-436 \u0141\u00f3d\u017a\n\t\t<\/a>\n\t\t<\/h2>\n\t\t\t\t<\/div>\n\t\t<div class=\"elementor-element elementor-element-8dd9f95 e-con-full e-flex e-con e-child\" data-id=\"8dd9f95\" data-element_type=\"container\" data-e-type=\"container\">\n\t\t\t\t\t\t\t<h2 \n\t\tdata-interaction-id=\"0def403\" \n\t\tclass=\"e-0def403-5bc7ac6 e-heading-base\" \n\t\t \n\t\t\n\t>\n\t\n\t\t\tKontakt\n\t\t<\/h2>\n\t\t\t\t\t\t\t\t<p class=\"e-7e6eca4-ba03d9a e-paragraph-base\" data-interaction-id=\"7e6eca4\"  >\n\t\t\t\t\t\t\t<a\n\t\t\t\t\t\t\t\t\t\thref=\"tel:502847561\"\n\t\t\t\t\ttarget=\"_self\"\n\t\t\t\t\tclass=\"e-paragraph-link-base\"\n\t\t\t\t>\n\t\t\t\t\t\tTel: 502-847-561\n\t\t\t\t<\/a>\n\t\t\t\t\t<\/p>\n\t\t\t\t\t\t\t<h2 \n\t\tdata-interaction-id=\"6faf402\" \n\t\tclass=\"e-6faf402-eefa1e6 e-heading-base\" \n\t\t \n\t\t\n\t>\n\t\n\t\t\t<a \n\t\t\t\t\t\thref=\"mailto:joanna.galanciak200@gmail.com?subject=Zapytanie%20o%20wizyt\u0119\"\n\t\t\ttarget=\"_blank\" \n\t\t\tclass=\"e-heading-link-base\">\n\t\t\tjoanna.galanciak200@gmail.com\n\t\t<\/a>\n\t\t<\/h2>\n\t\t\t\t<\/div>\n\t\t<div class=\"elementor-element elementor-element-4c45f00 e-con-full e-flex e-con e-child\" data-id=\"4c45f00\" data-element_type=\"container\" data-e-type=\"container\">\n\t\t\t\t\t\t\t<h2 \n\t\tdata-interaction-id=\"2322aa5\" \n\t\tclass=\"e-2322aa5-3adc397 e-heading-base\" \n\t\t \n\t\t\n\t>\n\t\n\t\t\tWa\u017cne informacje\n\t\t<\/h2>\n\t\t\t\t\t\t\t<h2 \n\t\tdata-interaction-id=\"3ed7de9\" \n\t\tclass=\"e-3ed7de9-ef3b36a e-heading-base\" \n\t\t \n\t\t\n\t>\n\t\n\t\t\t<a \n\t\t\t\t\t\thref=\"https:\/\/nowa.joannagalanciak.pl\/?page_id=166&preview_id=166&preview_nonce=82c032b910&preview=true\"\n\t\t\ttarget=\"_self\" \n\t\t\tclass=\"e-heading-link-base\">\n\t\t\tPolityka<br>prywatno\u015bci\n\t\t<\/a>\n\t\t<\/h2>\n\t\t\t\t<\/div>\n\t\t\t\t<\/div>\n\t\t\t\t<\/div>\n\t\t","protected":false},"excerpt":{"rendered":"<p>Kompleksowe przygotowanie: makija\u017c i fryzura \u2013 \u0141\u00f3d\u017a Przygotuj\u0119 Ci\u0119 na wa\u017cne wyj\u015bcie tak, \u017ceby\u015b wygl\u0105da\u0142a sp\u00f3jnie i czu\u0142a si\u0119 pewnie.Makija\u017c i fryzura dopasowane do Twojej urody, stylu i okazji. Um\u00f3w wizyt\u0119 . Kompleksowe przygotowanie Makija\u017c i fryzura dopasowane do Ciebie i okazji.Najlepszy wyb\u00f3r, je\u015bli chcesz mie\u0107 sp\u00f3jny efekt.&nbsp;Najlepszy wyb\u00f3r na wa\u017cne wydarzenia Zobacz wi\u0119cej Analiza [&hellip;]<\/p>\n","protected":false},"author":1,"featured_media":0,"parent":0,"menu_order":0,"comment_status":"closed","ping_status":"open","template":"page-no-title","meta":{"footnotes":""},"class_list":["post-2","page","type-page","status-publish","hentry"],"_links":{"self":[{"href":"https:\/\/nowa.joannagalanciak.pl\/index.php?rest_route=\/wp\/v2\/pages\/2","targetHints":{"allow":["GET"]}}],"collection":[{"href":"https:\/\/nowa.joannagalanciak.pl\/index.php?rest_route=\/wp\/v2\/pages"}],"about":[{"href":"https:\/\/nowa.joannagalanciak.pl\/index.php?rest_route=\/wp\/v2\/types\/page"}],"author":[{"embeddable":true,"href":"https:\/\/nowa.joannagalanciak.pl\/index.php?rest_route=\/wp\/v2\/users\/1"}],"replies":[{"embeddable":true,"href":"https:\/\/nowa.joannagalanciak.pl\/index.php?rest_route=%2Fwp%2Fv2%2Fcomments&post=2"}],"version-history":[{"count":103,"href":"https:\/\/nowa.joannagalanciak.pl\/index.php?rest_route=\/wp\/v2\/pages\/2\/revisions"}],"predecessor-version":[{"id":187,"href":"https:\/\/nowa.joannagalanciak.pl\/index.php?rest_route=\/wp\/v2\/pages\/2\/revisions\/187"}],"wp:attachment":[{"href":"https:\/\/nowa.joannagalanciak.pl\/index.php?rest_route=%2Fwp%2Fv2%2Fmedia&parent=2"}],"curies":[{"name":"wp","href":"https:\/\/api.w.org\/{rel}","templated":true}]}}